{"id":2059,"date":"2023-11-05T20:51:41","date_gmt":"2023-11-05T20:51:41","guid":{"rendered":"http:\/\/localhost\/ftdanse\/?page_id=2059"},"modified":"2023-11-05T20:51:41","modified_gmt":"2023-11-05T20:51:41","slug":"reglement-generaux-et-statut","status":"publish","type":"page","link":"https:\/\/www.ftdanse.tn\/fr\/reglement-generaux-et-statut\/","title":{"rendered":"R\u00e8glement G\u00e9n\u00e9raux et Statut"},"content":{"rendered":"","protected":false},"excerpt":{"rendered":"","protected":false},"author":2,"featured_media":0,"parent":0,"menu_order":0,"comment_status":"closed","ping_status":"closed","template":"elementor_theme","meta":{"_monsterinsights_skip_tracking":false,"_monsterinsights_sitenote_active":false,"_monsterinsights_sitenote_note":"","_monsterinsights_sitenote_category":0,"footnotes":""},"aioseo_notices":[],"_links":{"self":[{"href":"https:\/\/www.ftdanse.tn\/fr\/wp-json\/wp\/v2\/pages\/2059"}],"collection":[{"href":"https:\/\/www.ftdanse.tn\/fr\/wp-json\/wp\/v2\/pages"}],"about":[{"href":"https:\/\/www.ftdanse.tn\/fr\/wp-json\/wp\/v2\/types\/page"}],"author":[{"embeddable":true,"href":"https:\/\/www.ftdanse.tn\/fr\/wp-json\/wp\/v2\/users\/2"}],"replies":[{"embeddable":true,"href":"https:\/\/www.ftdanse.tn\/fr\/wp-json\/wp\/v2\/comments?post=2059"}],"version-history":[{"count":0,"href":"https:\/\/www.ftdanse.tn\/fr\/wp-json\/wp\/v2\/pages\/2059\/revisions"}],"wp:attachment":[{"href":"https:\/\/www.ftdanse.tn\/fr\/wp-json\/wp\/v2\/media?parent=2059"}],"curies":[{"name":"wp","href":"https:\/\/api.w.org\/{rel}","templated":true}]}}