{"id":1343,"date":"2023-10-28T20:52:12","date_gmt":"2023-10-28T20:52:12","guid":{"rendered":"http:\/\/localhost\/ftdanse\/?page_id=1343"},"modified":"2023-10-28T20:52:12","modified_gmt":"2023-10-28T20:52:12","slug":"decouvrez-toutes-les-danses","status":"publish","type":"page","link":"https:\/\/www.ftdanse.tn\/fr\/decouvrez-toutes-les-danses\/","title":{"rendered":"D\u00c9COUVREZ TOUTES LES DANSES"},"content":{"rendered":"<div data-elementor-type=\"wp-page\" data-elementor-id=\"1343\" class=\"elementor elementor-1343\" data-elementor-post-type=\"page\">\n\t\t\t\t\t\t\t\t\t<section class=\"elementor-section elementor-top-section elementor-element elementor-element-31fc5f6 elementor-section-boxed elementor-section-height-default elementor-section-height-default\" data-id=\"31fc5f6\" data-element_type=\"section\">\n\t\t\t\t\t\t<div class=\"elementor-container elementor-column-gap-no\">\n\t\t\t\t\t<div class=\"elementor-column elementor-col-100 elementor-top-column elementor-element elementor-element-81896b3\" data-id=\"81896b3\" data-element_type=\"column\">\n\t\t\t<div class=\"elementor-widget-wrap elementor-element-populated\">\n\t\t\t\t\t\t\t\t<div class=\"elementor-element elementor-element-0486c23 elementor-widget elementor-widget-danzaclasses\" data-id=\"0486c23\" data-element_type=\"widget\" data-widget_type=\"danzaclasses.default\">\n\t\t\t\t<div class=\"elementor-widget-container\">\n\t\t\t\r\n                                <div class=\"row gy-4\">\r\n            \r\n                                <div class=\"col-lg-4 col-md-6\">\r\n                    <div class=\"couple-card class-wrap style2\">\r\n                        <div class=\"couple-card_img\">\r\n                            <img decoding=\"async\" src=\"https:\/\/themeholy.com\/wordpress\/danza\/wp-content\/uploads\/2023\/09\/couple_1_1.jpg\" alt=\"couple_1_1\"  \/>                        <\/div>\r\n                        <h3 class=\"couple-card_title e-title\"><a href=\"http:\/\/ftdance.com\/fr\/category\/danse-contemporaine\/\">Danse contemporain<\/a><\/h3>\r\n                        <p class=\"couple-card_text e-text\">La danse contemporaine transgresse. N\u00e9e en Europe et aux \u00c9tats-Unis apr\u00e8s la seconde guerre mondiale, elle fait suite \u00e0 la danse moderne apparue en Allemagne et au \u00c9tats-Unis.<\/p>\r\n                        <a href=\"http:\/\/ftdance.com\/fr\/category\/danse-contemporaine\/\" class=\"th-btn e-btn style3\">Explorer les d\u00e9tails<\/a>\r\n                    <\/div>\r\n                <\/div>\r\n                                <div class=\"col-lg-4 col-md-6\">\r\n                    <div class=\"couple-card class-wrap style2\">\r\n                        <div class=\"couple-card_img\">\r\n                            <img decoding=\"async\" src=\"https:\/\/themeholy.com\/wordpress\/danza\/wp-content\/uploads\/2023\/09\/couple_1_2.jpg\" alt=\"couple_1_2\"  \/>                        <\/div>\r\n                        <h3 class=\"couple-card_title e-title\"><a href=\"http:\/\/ftdance.com\/category\/pole-dance\/\">Danse en couple<\/a><\/h3>\r\n                        <p class=\"couple-card_text e-text\">les danses de salon sont une activit\u00e9 culturelle divertissante pratiqu\u00e9es pour le loisir. Accessibles au plus grand nombre, les danses de salon se pratiquent en couple ou en groupe.<\/p>\r\n                        <a href=\"http:\/\/ftdance.com\/category\/pole-dance\/\" class=\"th-btn e-btn style3\">Explorer les d\u00e9tails<\/a>\r\n                    <\/div>\r\n                <\/div>\r\n                                <div class=\"col-lg-4 col-md-6\">\r\n                    <div class=\"couple-card class-wrap style2\">\r\n                        <div class=\"couple-card_img\">\r\n                            <img decoding=\"async\" src=\"https:\/\/themeholy.com\/wordpress\/danza\/wp-content\/uploads\/2023\/09\/couple_1_3.jpg\" alt=\"couple_1_3\"  \/>                        <\/div>\r\n                        <h3 class=\"couple-card_title e-title\"><a href=\"http:\/\/ftdance.com\/fr\/category\/danse-classique\/\">Danse classique<\/a><\/h3>\r\n                        <p class=\"couple-card_text e-text\">N\u00e9e en 1577 en Italie, la danse classique se diffuse progressivement en Europe et dans plusieurs pays. Au d\u00e9but du XIX\u00e8me si\u00e8cle, les chor\u00e9graphes composent des ballets inspir\u00e9s de romans. <\/p>\r\n                        <a href=\"http:\/\/ftdance.com\/fr\/category\/danse-classique\/\" class=\"th-btn e-btn style3\">Explorer les d\u00e9tails<\/a>\r\n                    <\/div>\r\n                <\/div>\r\n                                <div class=\"col-lg-4 col-md-6\">\r\n                    <div class=\"couple-card class-wrap style2\">\r\n                        <div class=\"couple-card_img\">\r\n                            <img decoding=\"async\" src=\"https:\/\/themeholy.com\/wordpress\/danza\/wp-content\/uploads\/2023\/09\/couple_1_4.jpg\" alt=\"couple_1_4\"  \/>                        <\/div>\r\n                        <h3 class=\"couple-card_title e-title\"><a href=\"http:\/\/ftdance.com\/category\/ballet-dance\/\">Ballet<\/a><\/h3>\r\n                        <p class=\"couple-card_text e-text\">N\u00e9e en 1577 en Italie, la danse classique se diffuse progressivement en Europe et dans plusieurs pays. Au d\u00e9but du XIX\u00e8me si\u00e8cle, les chor\u00e9graphes composent des ballets inspir\u00e9s de romans. <\/p>\r\n                        <a href=\"http:\/\/ftdance.com\/category\/ballet-dance\/\" class=\"th-btn e-btn style3\">Explorer les d\u00e9tails<\/a>\r\n                    <\/div>\r\n                <\/div>\r\n                                <div class=\"col-lg-4 col-md-6\">\r\n                    <div class=\"couple-card class-wrap style2\">\r\n                        <div class=\"couple-card_img\">\r\n                            <img decoding=\"async\" src=\"https:\/\/themeholy.com\/wordpress\/danza\/wp-content\/uploads\/2023\/09\/couple_1_5.jpg\" alt=\"couple_1_5\"  \/>                        <\/div>\r\n                        <h3 class=\"couple-card_title e-title\"><a href=\"http:\/\/ftdance.com\/category\/ballet-dance\/\">Couple Ballet<\/a><\/h3>\r\n                        <p class=\"couple-card_text e-text\">Le ballet est un genre dramatique dont l&#039;action est figur\u00e9e par des pantomimes et des danses. Ses origines remontent \u00e0 la Renaissance italienne. Primitivement d\u00e9velopp\u00e9 dans les cours d&#039;Italie<\/p>\r\n                        <a href=\"http:\/\/ftdance.com\/category\/ballet-dance\/\" class=\"th-btn e-btn style3\">Explorer les d\u00e9tails<\/a>\r\n                    <\/div>\r\n                <\/div>\r\n                                <div class=\"col-lg-4 col-md-6\">\r\n                    <div class=\"couple-card class-wrap style2\">\r\n                        <div class=\"couple-card_img\">\r\n                            <img decoding=\"async\" src=\"https:\/\/themeholy.com\/wordpress\/danza\/wp-content\/uploads\/2023\/09\/couple_1_6.jpg\" alt=\"couple_1_6\"  \/>                        <\/div>\r\n                        <h3 class=\"couple-card_title e-title\"><a href=\"http:\/\/ftdance.com\/category\/ballet-dance\/\">Ballet classique<\/a><\/h3>\r\n                        <p class=\"couple-card_text e-text\">Le ballet classique est l&#039;un des styles de ballet traditionnels et formels qui utilisent exclusivement la technique du ballet classique. Il est reconnu pour son esth\u00e9tique et sa technique rigoureuse, <\/p>\r\n                        <a href=\"http:\/\/ftdance.com\/category\/ballet-dance\/\" class=\"th-btn e-btn style3\">Explorer les d\u00e9tails<\/a>\r\n                    <\/div>\r\n                <\/div>\r\n                                <div class=\"col-lg-4 col-md-6\">\r\n                    <div class=\"couple-card class-wrap style2\">\r\n                        <div class=\"couple-card_img\">\r\n                            <img decoding=\"async\" src=\"https:\/\/themeholy.com\/wordpress\/danza\/wp-content\/uploads\/2023\/09\/couple_1_7.jpg\" alt=\"couple_1_7\"  \/>                        <\/div>\r\n                        <h3 class=\"couple-card_title e-title\"><a href=\"http:\/\/ftdance.com\/fr\/category\/hip-hop-breaking\/\">Hip-hop - breaking<\/a><\/h3>\r\n                        <p class=\"couple-card_text e-text\">Le hip-hop se d\u00e9veloppe dans les ann\u00e9es 70 au sein de la communaut\u00e9 noire d\u00e9favoris\u00e9e du Bronx de New-York. Il se d\u00e9mocratise en France d\u00e9but des ann\u00e9es 80, surtout gr\u00e2ce \u00e0 l&#039;\u00e9mission TF1 &quot;H.I.P - H.O.P&quot; pr\u00e9sent\u00e9e par Sidney.<\/p>\r\n                        <a href=\"http:\/\/ftdance.com\/fr\/category\/hip-hop-breaking\/\" class=\"th-btn e-btn style3\">Explorer les d\u00e9tails<\/a>\r\n                    <\/div>\r\n                <\/div>\r\n                                <div class=\"col-lg-4 col-md-6\">\r\n                    <div class=\"couple-card class-wrap style2\">\r\n                        <div class=\"couple-card_img\">\r\n                            <img decoding=\"async\" src=\"https:\/\/themeholy.com\/wordpress\/danza\/wp-content\/uploads\/2023\/09\/couple_1_8.jpg\" alt=\"couple_1_8\"  \/>                        <\/div>\r\n                        <h3 class=\"couple-card_title e-title\"><a href=\"http:\/\/ftdance.com\/fr\/category\/hip-hop-breaking\/\">Danses jazz<\/a><\/h3>\r\n                        <p class=\"couple-card_text e-text\">N\u00e9e de la synth\u00e8se des danses rituelles africaines avec les danses europ\u00e9ennes, fa\u00e7onn\u00e9e de nombreuses influences am\u00e9ricaines, la danse jazz se laisse difficilement emprisonner dans une d\u00e9finition. <\/p>\r\n                        <a href=\"http:\/\/ftdance.com\/fr\/category\/hip-hop-breaking\/\" class=\"th-btn e-btn style3\">Explorer les d\u00e9tails<\/a>\r\n                    <\/div>\r\n                <\/div>\r\n                                <div class=\"col-lg-4 col-md-6\">\r\n                    <div class=\"couple-card class-wrap style2\">\r\n                        <div class=\"couple-card_img\">\r\n                            <img decoding=\"async\" src=\"https:\/\/themeholy.com\/wordpress\/danza\/wp-content\/uploads\/2023\/09\/couple_1_9.jpg\" alt=\"couple_1_9\"  \/>                        <\/div>\r\n                        <h3 class=\"couple-card_title e-title\"><a href=\"http:\/\/ftdance.com\/fr\/category\/hip-hop-breaking\/\">Breakdance<\/a><\/h3>\r\n                        <p class=\"couple-card_text e-text\">Le breakdance, \u00e9galement appel\u00e9 break dance, break, breaking, breakdancing, b-boying \u2014 terme privil\u00e9gi\u00e9 aux \u00c9tats-Unis \u2014 est un style de danse d\u00e9velopp\u00e9 \u00e0 New York dans les ann\u00e9es 1970, <\/p>\r\n                        <a href=\"http:\/\/ftdance.com\/fr\/category\/hip-hop-breaking\/\" class=\"th-btn e-btn style3\">Explorer les d\u00e9tails<\/a>\r\n                    <\/div>\r\n                <\/div>\r\n                            <\/div>\r\n      \t\t<\/div>\n\t\t\t\t<\/div>\n\t\t\t\t\t<\/div>\n\t\t<\/div>\n\t\t\t\t\t\t\t<\/div>\n\t\t<\/section>\n\t\t\t\t\t\t\t<\/div>","protected":false},"excerpt":{"rendered":"<p>Danse contemporain La danse contemporaine transgresse. N\u00e9e en Europe et aux \u00c9tats-Unis apr\u00e8s la seconde guerre mondiale, elle fait suite \u00e0 la danse moderne apparue en Allemagne et au \u00c9tats-Unis. Explorer les d\u00e9tails Danse en couple les danses de salon sont une activit\u00e9 culturelle divertissante pratiqu\u00e9es pour le loisir. Accessibles au plus grand nombre, les&#8230;<\/p>","protected":false},"author":2,"featured_media":0,"parent":0,"menu_order":0,"comment_status":"closed","ping_status":"closed","template":"template-builder.php","meta":{"_monsterinsights_skip_tracking":false,"_monsterinsights_sitenote_active":false,"_monsterinsights_sitenote_note":"","_monsterinsights_sitenote_category":0,"footnotes":""},"aioseo_notices":[],"_links":{"self":[{"href":"https:\/\/www.ftdanse.tn\/fr\/wp-json\/wp\/v2\/pages\/1343"}],"collection":[{"href":"https:\/\/www.ftdanse.tn\/fr\/wp-json\/wp\/v2\/pages"}],"about":[{"href":"https:\/\/www.ftdanse.tn\/fr\/wp-json\/wp\/v2\/types\/page"}],"author":[{"embeddable":true,"href":"https:\/\/www.ftdanse.tn\/fr\/wp-json\/wp\/v2\/users\/2"}],"replies":[{"embeddable":true,"href":"https:\/\/www.ftdanse.tn\/fr\/wp-json\/wp\/v2\/comments?post=1343"}],"version-history":[{"count":0,"href":"https:\/\/www.ftdanse.tn\/fr\/wp-json\/wp\/v2\/pages\/1343\/revisions"}],"wp:attachment":[{"href":"https:\/\/www.ftdanse.tn\/fr\/wp-json\/wp\/v2\/media?parent=1343"}],"curies":[{"name":"wp","href":"https:\/\/api.w.org\/{rel}","templated":true}]}}