{"id":1333,"date":"2023-10-28T20:42:50","date_gmt":"2023-10-28T20:42:50","guid":{"rendered":"http:\/\/localhost\/ftdanse\/?page_id=1333"},"modified":"2024-01-16T13:51:06","modified_gmt":"2024-01-16T13:51:06","slug":"que-somme-nous","status":"publish","type":"page","link":"https:\/\/www.ftdanse.tn\/fr\/que-somme-nous\/","title":{"rendered":"Que somme nous?"},"content":{"rendered":"<div data-elementor-type=\"wp-page\" data-elementor-id=\"1333\" class=\"elementor elementor-1333\" data-elementor-post-type=\"page\">\n\t\t\t\t\t\t\t\t\t<section class=\"elementor-section elementor-top-section elementor-element elementor-element-2c4e4b4 elementor-section-boxed elementor-section-height-default elementor-section-height-default\" data-id=\"2c4e4b4\" data-element_type=\"section\">\n\t\t\t\t\t\t<div class=\"elementor-container elementor-column-gap-no\">\n\t\t\t\t\t<div class=\"elementor-column elementor-col-50 elementor-top-column elementor-element elementor-element-d297e22\" data-id=\"d297e22\" data-element_type=\"column\">\n\t\t\t<div class=\"elementor-widget-wrap elementor-element-populated\">\n\t\t\t\t\t\t\t\t<div class=\"elementor-element elementor-element-8dafadb elementor-widget elementor-widget-danzaimage\" data-id=\"8dafadb\" data-element_type=\"widget\" data-widget_type=\"danzaimage.default\">\n\t\t\t\t<div class=\"elementor-widget-container\">\n\t\t\t\r\n\t\t\t\t\t<div class=\"img-box1 pe-xl-5\">\r\n\t\t\t\t<div class=\"img1 e-img\">\r\n\t\t\t\t\t<img decoding=\"async\" src=\"http:\/\/localhost\/ftdanse\/wp-content\/uploads\/2023\/11\/302158632_172806071938080_2201247745025977560_n.jpeg\" alt=\"302158632_172806071938080_2201247745025977560_n\"  \/>\t\t\t\t\t<img decoding=\"async\" src=\"https:\/\/themeholy.com\/wordpress\/danza\/wp-content\/uploads\/2023\/09\/rectangle-1.svg\" alt=\"rectangle 1\"  class=\"shape_1\" \/>\t\t\t\t<\/div>\r\n\t\t\t<\/div>\r\n      \r\n      \t\t<\/div>\n\t\t\t\t<\/div>\n\t\t\t\t\t<\/div>\n\t\t<\/div>\n\t\t\t\t<div class=\"elementor-column elementor-col-50 elementor-top-column elementor-element elementor-element-f3a30a1\" data-id=\"f3a30a1\" data-element_type=\"column\">\n\t\t\t<div class=\"elementor-widget-wrap elementor-element-populated\">\n\t\t\t\t\t\t\t\t<div class=\"elementor-element elementor-element-6d74607 elementor-widget elementor-widget-danzasectiontitle\" data-id=\"6d74607\" data-element_type=\"widget\" data-widget_type=\"danzasectiontitle.default\">\n\t\t\t\t<div class=\"elementor-widget-container\">\n\t\t\t\t\t<div class=\"title-area\">\r\n\t\t\t<span class=\"sub-title style1\">A propos de la f\u00e9d\u00e9ration<\/span><h2 class=\"sec-title\">La F\u00e9d\u00e9ration Tunisienne de la Danse et Activit\u00e9s Paralleles<\/h2><p class=\"sec-desc\">F\u00e9d\u00e9ration r\u00e9f\u00e9rente de la danse en Tunisie, depuis 1989 la F\u00e9d\u00e9ration Fran\u00e7aise de la Danse et Activiti\u00e9s Paralleles (FTDAP) accompagne, d\u00e9veloppe et soutient la danse sous toutes ses formes sur l\u2019ensemble du territoire Tunisie.\nD\u00e9l\u00e9gataire du Minist\u00e8re charg\u00e9 des Sports et soutenue par le Minist\u00e8re de la jeunesse et des sports, membre du Comit\u00e9 National Olympique et Sportif , du Comit\u00e9 Paralympique et Sportif  et du Conseil International de la Danse de l\u2019UNESCO, la FTDAP conna\u00eet aujourd\u2019hui une forte mise en lumi\u00e8re en devenant f\u00e9d\u00e9ration olympique gr\u00e2ce au breaking \u2013 breakdance \u2013 devenu discipline additionnelle aux Jeux Olympiques .<\/p>\t\t<\/div>\r\n\r\n\t\t\t<\/div>\n\t\t\t\t<\/div>\n\t\t\t\t\t<\/div>\n\t\t<\/div>\n\t\t\t\t\t\t\t<\/div>\n\t\t<\/section>\n\t\t\t\t<section class=\"elementor-section elementor-top-section elementor-element elementor-element-47bcb36 elementor-section-content-middle elementor-section-boxed elementor-section-height-default elementor-section-height-default\" data-id=\"47bcb36\" data-element_type=\"section\" data-settings=\"{&quot;background_background&quot;:&quot;classic&quot;}\">\n\t\t\t\t\t\t<div class=\"elementor-container elementor-column-gap-no\">\n\t\t\t\t\t<div class=\"elementor-column elementor-col-50 elementor-top-column elementor-element elementor-element-e7a8ad3\" data-id=\"e7a8ad3\" data-element_type=\"column\">\n\t\t\t<div class=\"elementor-widget-wrap elementor-element-populated\">\n\t\t\t\t\t\t\t\t<div class=\"elementor-element elementor-element-7499d89 elementor-widget elementor-widget-danzasectiontitle\" data-id=\"7499d89\" data-element_type=\"widget\" data-widget_type=\"danzasectiontitle.default\">\n\t\t\t\t<div class=\"elementor-widget-container\">\n\t\t\t\t\t<div class=\"title-area\">\r\n\t\t\t<span class=\"sub-title style1\">La danse, toutes les danses<\/span><h4 class=\"sec-title\">La FFDanse propose \u00e0 ses licenci\u00e9s une multitude de pratiques de la danse :<\/h4><p class=\"sec-desc\">Les danses classique (ballet), jazz et contemporaine,\nLe hip-hop et les danses urbaines, qui comprennent le breaking,\nLes danses de couple : danses de salon (tango, valse, bal musette, \u2026), danses latines et standards, rock\u2019n\u2019roll et danses swing, salsa, bachata, kizomba, danse historique, \u2026\nLa country and line dance,\nLes danses du monde : flamenco, danse africaine, danse orientale, danse indienne et bollywood, danse polyn\u00e9sienne, \u2026\nLa pole dance et les danses a\u00e9riennes.<\/p>\t\t<\/div>\r\n\r\n\t\t\t<\/div>\n\t\t\t\t<\/div>\n\t\t\t\t<div class=\"elementor-element elementor-element-f4cc3a2 elementor-widget elementor-widget-danzainfobox\" data-id=\"f4cc3a2\" data-element_type=\"widget\" data-widget_type=\"danzainfobox.default\">\n\t\t\t\t<div class=\"elementor-widget-container\">\n\t\t\t\r\n        \t\t\t<div class=\"nav nav-tabs technic-tabs\" id=\"nav-tab\" role=\"tablist\">\r\n\t\t\t\t\t\t\t\t<button class=\"nav-link e-btn active\" id=\"nav-step0-tab\" data-bs-toggle=\"tab\" data-bs-target=\"#nav-step0\" type=\"button\">Nos valeurs<\/button>\r\n\t\t\t\t\t\t\t\t<button class=\"nav-link e-btn\" id=\"nav-step1-tab\" data-bs-toggle=\"tab\" data-bs-target=\"#nav-step1\" type=\"button\">Nos missions<\/button>\r\n\t\t\t\t\t\t\t<\/div>\r\n\r\n\t\t\t<div class=\"tab-content\" id=\"nav-tabContent\">\r\n\t\t\t\t\t\t\t\t<div class=\"tab-pane fade active show\" id=\"nav-step0\" role=\"tabpanel\">\r\n\t\t\t\t\t<div class=\"technic-content\">\r\n\t\t\t\t\t\t<p class=\"technic-desc e-desc\">Esth\u00e9tisme : la danse, c\u2019est la cr\u00e9ativit\u00e9, la sensibilit\u00e9, l\u2019inspiration \u2013 un mode d\u2019expression.\nDynamisme : la danse, c\u2019est l\u2019\u00e9nergie, la vitalit\u00e9 \u2013 avant tout le mouvement.\nPartage : la danse encourage le lien social, la solidarit\u00e9, la parit\u00e9 et l\u2019\u00e9quit\u00e9.\nExcellence : \u00e9voluer dans sa danse demande de la rigueur et du travail \u2013 une recherche d\u2019am\u00e9lioration constante pour apporter la beaut\u00e9 au geste.<\/p>\r\n\t\t\t\t\t\t<div class=\"technic-wrapper\">\r\n\t\t\t\t\t\t\t\t\t\t\t\t\t<\/div>\r\n\t\t\t\t\t<\/div>\r\n\t\t\t\t<\/div>\r\n\t\t\t\t\t\t\t\t<div class=\"tab-pane fade\" id=\"nav-step1\" role=\"tabpanel\">\r\n\t\t\t\t\t<div class=\"technic-content\">\r\n\t\t\t\t\t\t<p class=\"technic-desc e-desc\">Promouvoir l\u2019\u00e9ducation par les activit\u00e9s physiques artistiques et sportives.\nD\u00e9velopper et organiser la pratique des activit\u00e9s de danse.\nRegrouper, f\u00e9d\u00e9rer, repr\u00e9senter, accompagner les associations, les organisations \u00e0 but lucratif et les pratiquants de toutes les danses.\nAssurer la formation et le perfectionnement de ses cadres b\u00e9n\u00e9voles.\nOrganiser les comp\u00e9titions sur l\u2019ensemble du territoire et d\u00e9livrer les titres officiels de \u00ab champion \u00bb de Tunisie de r\u00e9gion, et de d\u00e9partement.\nD\u00e9livrer des licences.<\/p>\r\n\t\t\t\t\t\t<div class=\"technic-wrapper\">\r\n\t\t\t\t\t\t\t\t\t\t\t\t\t<\/div>\r\n\t\t\t\t\t<\/div>\r\n\t\t\t\t<\/div>\r\n\t\t\t\t\t\t\t<\/div>\r\n\r\n\t\t\t\t<\/div>\n\t\t\t\t<\/div>\n\t\t\t\t\t<\/div>\n\t\t<\/div>\n\t\t\t\t<div class=\"elementor-column elementor-col-50 elementor-top-column elementor-element elementor-element-a251da6\" data-id=\"a251da6\" data-element_type=\"column\">\n\t\t\t<div class=\"elementor-widget-wrap elementor-element-populated\">\n\t\t\t\t\t\t\t\t<div class=\"elementor-element elementor-element-af03554 elementor-widget elementor-widget-danzaimage\" data-id=\"af03554\" data-element_type=\"widget\" data-widget_type=\"danzaimage.default\">\n\t\t\t\t<div class=\"elementor-widget-container\">\n\t\t\t\r\n\t\t\t\t\t<div class=\"dance-image movingX e-img\">\r\n\t\t\t\t<img decoding=\"async\" src=\"https:\/\/www.ftdap.org.tn\/wp-content\/uploads\/2023\/09\/class_schedules-1.png\" alt=\"class_schedules 1\"  \/>\t\t\t<\/div>\r\n\r\n\t\t\t\t<\/div>\n\t\t\t\t<\/div>\n\t\t\t\t\t<\/div>\n\t\t<\/div>\n\t\t\t\t\t\t\t<\/div>\n\t\t<\/section>\n\t\t\t\t<section class=\"elementor-section elementor-top-section elementor-element elementor-element-03e79e7 elementor-section-boxed elementor-section-height-default elementor-section-height-default\" data-id=\"03e79e7\" data-element_type=\"section\" data-settings=\"{&quot;background_background&quot;:&quot;classic&quot;}\">\n\t\t\t\t\t\t<div class=\"elementor-container elementor-column-gap-no\">\n\t\t\t\t\t<div class=\"elementor-column elementor-col-100 elementor-top-column elementor-element elementor-element-d35c719\" data-id=\"d35c719\" data-element_type=\"column\">\n\t\t\t<div class=\"elementor-widget-wrap elementor-element-populated\">\n\t\t\t\t\t\t\t\t<div class=\"elementor-element elementor-element-8502af0 elementor-widget elementor-widget-danzacounterup\" data-id=\"8502af0\" data-element_type=\"widget\" data-widget_type=\"danzacounterup.default\">\n\t\t\t\t<div class=\"elementor-widget-container\">\n\t\t\t\t\t\t\t\t<div class=\"counter-card_wrapper e-wrap\">\r\n\t\t\t\t                <div class=\"counter-card\">\r\n                    <h2 class=\"counter-card_number\"><span class=\"counter-number\">20<\/span>+<\/h2>\r\n                    <p class=\"counter-card_text\">Style de danse<\/p>\r\n                <\/div>\r\n\t\t\t\t                <div class=\"counter-card\">\r\n                    <h2 class=\"counter-card_number\"><span class=\"counter-number\">50<\/span>+<\/h2>\r\n                    <p class=\"counter-card_text\">Club de dance<\/p>\r\n                <\/div>\r\n\t\t\t\t                <div class=\"counter-card\">\r\n                    <h2 class=\"counter-card_number\"><span class=\"counter-number\">10<\/span>+<\/h2>\r\n                    <p class=\"counter-card_text\">Comp\u00e9titions<\/p>\r\n                <\/div>\r\n\t\t\t\t                <div class=\"counter-card\">\r\n                    <h2 class=\"counter-card_number\"><span class=\"counter-number\">560<\/span>+<\/h2>\r\n                    <p class=\"counter-card_text\">Athl\u00e8tes<\/p>\r\n                <\/div>\r\n\t\t\t\t            <\/div>\r\n\r\n\t\t\t\t<\/div>\n\t\t\t\t<\/div>\n\t\t\t\t\t<\/div>\n\t\t<\/div>\n\t\t\t\t\t\t\t<\/div>\n\t\t<\/section>\n\t\t\t\t<section class=\"elementor-section elementor-top-section elementor-element elementor-element-0e8295d elementor-section-boxed elementor-section-height-default elementor-section-height-default\" data-id=\"0e8295d\" data-element_type=\"section\">\n\t\t\t\t\t\t<div class=\"elementor-container elementor-column-gap-no\">\n\t\t\t\t\t<div class=\"elementor-column elementor-col-100 elementor-top-column elementor-element elementor-element-52adf90\" data-id=\"52adf90\" data-element_type=\"column\">\n\t\t\t<div class=\"elementor-widget-wrap elementor-element-populated\">\n\t\t\t\t\t\t\t\t<div class=\"elementor-element elementor-element-76e3e45 elementor-widget elementor-widget-danzacta\" data-id=\"76e3e45\" data-element_type=\"widget\" data-widget_type=\"danzacta.default\">\n\t\t\t\t<div class=\"elementor-widget-container\">\n\t\t\t\r\n                    <div class=\"cta-area\" data-bg-src=\"https:\/\/themeholy.com\/wordpress\/test\/wp-content\/uploads\/2023\/09\/cta_bg_1.png\">\r\n                <div class=\"row justify-content-between\">\r\n                    <div class=\"col-xl-12\">\r\n                        <h2 class=\"sec-title e-title cta-title mt-n2\">Obtenez votre inscription gratuite<\/h2>\r\n                        <p class=\"cta-desc e-text\">[Remarque : Vous souhaitez peut-\u00eatre qu&#039;un formulaire d&#039;inscription soit ins\u00e9r\u00e9 ici et li\u00e9 \u00e0 la danse ?]<\/p>\r\n                        <div class=\"cta-btn text-center\">\r\n                            <a href=\"https:\/\/www.ftdap.org.tn\/fr\/formulaire-de-demande-daffiliation\/\" class=\"th-btn btn1\">Commencer<\/a>\r\n                            <a href=\"http:\/\/ftdap.org.tn\/fr\/contact-2\/\" class=\"th-btn btn2 white-btn\">Contactez-nous<\/a>\r\n                        <\/div>\r\n                    <\/div>\r\n                <\/div>\r\n            <\/div>\r\n\r\n\t\t\t\t<\/div>\n\t\t\t\t<\/div>\n\t\t\t\t\t<\/div>\n\t\t<\/div>\n\t\t\t\t\t\t\t<\/div>\n\t\t<\/section>\n\t\t\t\t\t\t\t<\/div>","protected":false},"excerpt":{"rendered":"<p>A propos de la f\u00e9d\u00e9ration La F\u00e9d\u00e9ration Tunisienne de la Danse et Activit\u00e9s Paralleles F\u00e9d\u00e9ration r\u00e9f\u00e9rente de la danse en Tunisie, depuis 1989 la F\u00e9d\u00e9ration Fran\u00e7aise de la Danse et Activiti\u00e9s Paralleles (FTDAP) accompagne, d\u00e9veloppe et soutient la danse sous toutes ses formes sur l\u2019ensemble du territoire Tunisie. D\u00e9l\u00e9gataire du Minist\u00e8re charg\u00e9 des Sports et&#8230;<\/p>","protected":false},"author":2,"featured_media":0,"parent":0,"menu_order":0,"comment_status":"closed","ping_status":"closed","template":"template-builder.php","meta":{"_monsterinsights_skip_tracking":false,"_monsterinsights_sitenote_active":false,"_monsterinsights_sitenote_note":"","_monsterinsights_sitenote_category":0,"footnotes":""},"aioseo_notices":[],"_links":{"self":[{"href":"https:\/\/www.ftdanse.tn\/fr\/wp-json\/wp\/v2\/pages\/1333"}],"collection":[{"href":"https:\/\/www.ftdanse.tn\/fr\/wp-json\/wp\/v2\/pages"}],"about":[{"href":"https:\/\/www.ftdanse.tn\/fr\/wp-json\/wp\/v2\/types\/page"}],"author":[{"embeddable":true,"href":"https:\/\/www.ftdanse.tn\/fr\/wp-json\/wp\/v2\/users\/2"}],"replies":[{"embeddable":true,"href":"https:\/\/www.ftdanse.tn\/fr\/wp-json\/wp\/v2\/comments?post=1333"}],"version-history":[{"count":9,"href":"https:\/\/www.ftdanse.tn\/fr\/wp-json\/wp\/v2\/pages\/1333\/revisions"}],"predecessor-version":[{"id":3499,"href":"https:\/\/www.ftdanse.tn\/fr\/wp-json\/wp\/v2\/pages\/1333\/revisions\/3499"}],"wp:attachment":[{"href":"https:\/\/www.ftdanse.tn\/fr\/wp-json\/wp\/v2\/media?parent=1333"}],"curies":[{"name":"wp","href":"https:\/\/api.w.org\/{rel}","templated":true}]}}